{"id":546,"date":"2023-12-28T15:09:49","date_gmt":"2023-12-28T14:09:49","guid":{"rendered":"https:\/\/thegoodtouch.de\/?page_id=546"},"modified":"2023-12-28T16:10:44","modified_gmt":"2023-12-28T15:10:44","slug":"physiotherapie","status":"publish","type":"page","link":"https:\/\/thegoodtouch.de\/en\/physiotherapie","title":{"rendered":"Physical Therapy"},"content":{"rendered":"<div id=\"pl-gb546-69f2bd61186ba\"  class=\"panel-layout\" ><div id=\"pg-gb546-69f2bd61186ba-0\"  class=\"panel-grid panel-no-style\" ><div id=\"pgc-gb546-69f2bd61186ba-0-0\"  class=\"panel-grid-cell\" ><div id=\"panel-gb546-69f2bd61186ba-0-0-0\" class=\"so-panel widget widget_sow-editor panel-first-child\" data-index=\"0\" ><div class=\"panel-widget-style panel-widget-style-for-gb546-69f2bd61186ba-0-0-0\" ><div\n\t\t\t\n\t\t\tclass=\"so-widget-sow-editor so-widget-sow-editor-base\"\n\t\t\t\n\t\t>\n<div class=\"siteorigin-widget-tinymce textwidget\">\n\t<div style=\"font-size: 14pt; text-align: justify;\">\n<p>Following services I can offer you at your home, if you require a physiotherapeutical treatment. Please be aware I can only accept private patients due to my mobile way of working.<\/p>\n<p>&#8211; Krankengymnastik<br \/>\n&#8211; Krankengymnastik nach Bobath<br \/>\n&#8211; Manuelle Therapie<br \/>\n&#8211; Lymphdrainage<br \/>\n&#8211; Massage<\/p>\n<p>Please contact me for the current price list.\n<\/p><\/div>\n<\/div>\n<\/div><\/div><\/div><div id=\"panel-gb546-69f2bd61186ba-0-0-1\" class=\"so-panel widget widget_sow-image panel-last-child\" data-index=\"1\" ><div\n\t\t\t\n\t\t\tclass=\"so-widget-sow-image so-widget-sow-image-default-8b5b6f678277-546\"\n\t\t\t\n\t\t>\n<div class=\"sow-image-container\">\n\t\t<img \n\tsrc=\"https:\/\/thegoodtouch.de\/wp-content\/uploads\/2023\/02\/slider_1.jpeg\" width=\"600\" height=\"800\" srcset=\"https:\/\/thegoodtouch.de\/wp-content\/uploads\/2023\/02\/slider_1.jpeg 600w, https:\/\/thegoodtouch.de\/wp-content\/uploads\/2023\/02\/slider_1-225x300.jpeg 225w\" sizes=\"(max-width: 600px) 100vw, 600px\" title=\"Physiotherapie\" alt=\"Mobile Massage Physiotherapie Wellness Ludwigsfelde Kleinmachnow Teltow Stahnsdorf Gro\u00dfbeeren Blankenfelde-Mahlow Berlin Potsdam\" \t\tclass=\"so-widget-image\"\/>\n\t<\/div>\n\n<\/div><\/div><\/div><\/div><\/div>","protected":false},"excerpt":{"rendered":"","protected":false},"author":1,"featured_media":0,"parent":0,"menu_order":0,"comment_status":"closed","ping_status":"closed","template":"","meta":{"footnotes":""},"class_list":["post-546","page","type-page","status-publish","hentry"],"translation":{"provider":"WPGlobus","version":"3.0.2","language":"en","enabled_languages":["de","en"],"languages":{"de":{"title":true,"content":true,"excerpt":false},"en":{"title":true,"content":true,"excerpt":false}}},"yoast_head":"<!-- This site is optimized with the Yoast SEO plugin v27.5 - https:\/\/yoast.com\/product\/yoast-seo-wordpress\/ -->\n<title>Physical Therapy - THE GOOD TOUCH<\/title>\n<meta name=\"robots\" content=\"index, follow, max-snippet:-1, max-image-preview:large, max-video-preview:-1\" \/>\n<link rel=\"canonical\" href=\"https:\/\/thegoodtouch.de\/physiotherapie\" \/>\n<meta property=\"og:locale\" content=\"en_US\" \/>\n<meta property=\"og:type\" content=\"article\" \/>\n<meta property=\"og:title\" content=\"Physical Therapy - THE GOOD TOUCH\" \/>\n<meta property=\"og:url\" content=\"https:\/\/thegoodtouch.de\/physiotherapie\" \/>\n<meta property=\"og:site_name\" content=\"THE GOOD TOUCH\" \/>\n<meta property=\"article:modified_time\" content=\"2023-12-28T15:10:44+00:00\" \/>\n<meta property=\"og:image\" content=\"https:\/\/thegoodtouch.de\/wp-content\/uploads\/2023\/02\/slider_1.jpeg\" \/>\n<meta name=\"twitter:card\" content=\"summary_large_image\" \/>\n<meta name=\"twitter:label1\" content=\"Est. reading time\" \/>\n\t<meta name=\"twitter:data1\" content=\"1 minute\" \/>\n<script type=\"application\/ld+json\" class=\"yoast-schema-graph\">{\"@context\":\"https:\\\/\\\/schema.org\",\"@graph\":[{\"@type\":\"WebPage\",\"@id\":\"https:\\\/\\\/thegoodtouch.de\\\/physiotherapie\",\"url\":\"https:\\\/\\\/thegoodtouch.de\\\/physiotherapie\",\"name\":\"Physical Therapy - THE GOOD TOUCH\",\"isPartOf\":{\"@id\":\"https:\\\/\\\/thegoodtouch.de\\\/#website\"},\"primaryImageOfPage\":{\"@id\":\"https:\\\/\\\/thegoodtouch.de\\\/physiotherapie#primaryimage\"},\"image\":{\"@id\":\"https:\\\/\\\/thegoodtouch.de\\\/physiotherapie#primaryimage\"},\"thumbnailUrl\":\"https:\\\/\\\/thegoodtouch.de\\\/wp-content\\\/uploads\\\/2023\\\/02\\\/slider_1.jpeg\",\"datePublished\":\"2023-12-28T14:09:49+00:00\",\"dateModified\":\"2023-12-28T15:10:44+00:00\",\"description\":\"Hier finden Sie meine angebotenen Leistungen bzgl. Physiotherapie. Bitte besuchen Sie die Seite regelm\u00e4\u00dfig f\u00fcr aktualisierte Angebote.\",\"breadcrumb\":{\"@id\":\"https:\\\/\\\/thegoodtouch.de\\\/physiotherapie#breadcrumb\"},\"inLanguage\":\"en-US\",\"potentialAction\":[{\"@type\":\"ReadAction\",\"target\":[\"https:\\\/\\\/thegoodtouch.de\\\/physiotherapie\"]}]},{\"@type\":\"ImageObject\",\"inLanguage\":\"en-US\",\"@id\":\"https:\\\/\\\/thegoodtouch.de\\\/physiotherapie#primaryimage\",\"url\":\"https:\\\/\\\/thegoodtouch.de\\\/wp-content\\\/uploads\\\/2023\\\/02\\\/slider_1.jpeg\",\"contentUrl\":\"https:\\\/\\\/thegoodtouch.de\\\/wp-content\\\/uploads\\\/2023\\\/02\\\/slider_1.jpeg\"},{\"@type\":\"BreadcrumbList\",\"@id\":\"https:\\\/\\\/thegoodtouch.de\\\/physiotherapie#breadcrumb\",\"itemListElement\":[{\"@type\":\"ListItem\",\"position\":1,\"name\":\"Startseite\",\"item\":\"https:\\\/\\\/thegoodtouch.de\\\/\"},{\"@type\":\"ListItem\",\"position\":2,\"name\":\"Physiotherapie\"}]},{\"@type\":\"WebSite\",\"@id\":\"https:\\\/\\\/thegoodtouch.de\\\/#website\",\"url\":\"https:\\\/\\\/thegoodtouch.de\\\/\",\"name\":\"THE GOOD TOUCH\",\"description\":\"Mobile Wellness Massage and Physiotherapy\",\"publisher\":{\"@id\":\"https:\\\/\\\/thegoodtouch.de\\\/#organization\"},\"potentialAction\":[{\"@type\":\"SearchAction\",\"target\":{\"@type\":\"EntryPoint\",\"urlTemplate\":\"https:\\\/\\\/thegoodtouch.de\\\/?s={search_term_string}\"},\"query-input\":{\"@type\":\"PropertyValueSpecification\",\"valueRequired\":true,\"valueName\":\"search_term_string\"}}],\"inLanguage\":\"en-US\"},{\"@type\":\"Organization\",\"@id\":\"https:\\\/\\\/thegoodtouch.de\\\/#organization\",\"name\":\"THE GOOD TOUCH\",\"url\":\"https:\\\/\\\/thegoodtouch.de\\\/\",\"logo\":{\"@type\":\"ImageObject\",\"inLanguage\":\"en-US\",\"@id\":\"https:\\\/\\\/thegoodtouch.de\\\/#\\\/schema\\\/logo\\\/image\\\/\",\"url\":\"https:\\\/\\\/thegoodtouch.de\\\/wp-content\\\/uploads\\\/2023\\\/02\\\/cropped-tgt_logo_transparent_blue-1.png\",\"contentUrl\":\"https:\\\/\\\/thegoodtouch.de\\\/wp-content\\\/uploads\\\/2023\\\/02\\\/cropped-tgt_logo_transparent_blue-1.png\",\"width\":250,\"height\":250,\"caption\":\"THE GOOD TOUCH\"},\"image\":{\"@id\":\"https:\\\/\\\/thegoodtouch.de\\\/#\\\/schema\\\/logo\\\/image\\\/\"},\"sameAs\":[\"https:\\\/\\\/www.instagram.com\\\/the_good_touch\\\/\"]}]}<\/script>\n<!-- \/ Yoast SEO plugin. -->","yoast_head_json":{"title":"Physical Therapy - THE GOOD TOUCH","robots":{"index":"index","follow":"follow","max-snippet":"max-snippet:-1","max-image-preview":"max-image-preview:large","max-video-preview":"max-video-preview:-1"},"canonical":"https:\/\/thegoodtouch.de\/physiotherapie","og_locale":"en_US","og_type":"article","og_title":"Physical Therapy - THE GOOD TOUCH","og_url":"https:\/\/thegoodtouch.de\/physiotherapie","og_site_name":"THE GOOD TOUCH","article_modified_time":"2023-12-28T15:10:44+00:00","og_image":[{"url":"https:\/\/thegoodtouch.de\/wp-content\/uploads\/2023\/02\/slider_1.jpeg","type":"","width":"","height":""}],"twitter_card":"summary_large_image","twitter_misc":{"Est. reading time":"1 minute"},"schema":{"@context":"https:\/\/schema.org","@graph":[{"@type":"WebPage","@id":"https:\/\/thegoodtouch.de\/physiotherapie","url":"https:\/\/thegoodtouch.de\/physiotherapie","name":"Physical Therapy - THE GOOD TOUCH","isPartOf":{"@id":"https:\/\/thegoodtouch.de\/#website"},"primaryImageOfPage":{"@id":"https:\/\/thegoodtouch.de\/physiotherapie#primaryimage"},"image":{"@id":"https:\/\/thegoodtouch.de\/physiotherapie#primaryimage"},"thumbnailUrl":"https:\/\/thegoodtouch.de\/wp-content\/uploads\/2023\/02\/slider_1.jpeg","datePublished":"2023-12-28T14:09:49+00:00","dateModified":"2023-12-28T15:10:44+00:00","description":"Hier finden Sie meine angebotenen Leistungen bzgl. Physiotherapie. Bitte besuchen Sie die Seite regelm\u00e4\u00dfig f\u00fcr aktualisierte Angebote.","breadcrumb":{"@id":"https:\/\/thegoodtouch.de\/physiotherapie#breadcrumb"},"inLanguage":"en-US","potentialAction":[{"@type":"ReadAction","target":["https:\/\/thegoodtouch.de\/physiotherapie"]}]},{"@type":"ImageObject","inLanguage":"en-US","@id":"https:\/\/thegoodtouch.de\/physiotherapie#primaryimage","url":"https:\/\/thegoodtouch.de\/wp-content\/uploads\/2023\/02\/slider_1.jpeg","contentUrl":"https:\/\/thegoodtouch.de\/wp-content\/uploads\/2023\/02\/slider_1.jpeg"},{"@type":"BreadcrumbList","@id":"https:\/\/thegoodtouch.de\/physiotherapie#breadcrumb","itemListElement":[{"@type":"ListItem","position":1,"name":"Startseite","item":"https:\/\/thegoodtouch.de\/"},{"@type":"ListItem","position":2,"name":"Physiotherapie"}]},{"@type":"WebSite","@id":"https:\/\/thegoodtouch.de\/#website","url":"https:\/\/thegoodtouch.de\/","name":"THE GOOD TOUCH","description":"Mobile Wellness Massage and Physiotherapy","publisher":{"@id":"https:\/\/thegoodtouch.de\/#organization"},"potentialAction":[{"@type":"SearchAction","target":{"@type":"EntryPoint","urlTemplate":"https:\/\/thegoodtouch.de\/?s={search_term_string}"},"query-input":{"@type":"PropertyValueSpecification","valueRequired":true,"valueName":"search_term_string"}}],"inLanguage":"en-US"},{"@type":"Organization","@id":"https:\/\/thegoodtouch.de\/#organization","name":"THE GOOD TOUCH","url":"https:\/\/thegoodtouch.de\/","logo":{"@type":"ImageObject","inLanguage":"en-US","@id":"https:\/\/thegoodtouch.de\/#\/schema\/logo\/image\/","url":"https:\/\/thegoodtouch.de\/wp-content\/uploads\/2023\/02\/cropped-tgt_logo_transparent_blue-1.png","contentUrl":"https:\/\/thegoodtouch.de\/wp-content\/uploads\/2023\/02\/cropped-tgt_logo_transparent_blue-1.png","width":250,"height":250,"caption":"THE GOOD TOUCH"},"image":{"@id":"https:\/\/thegoodtouch.de\/#\/schema\/logo\/image\/"},"sameAs":["https:\/\/www.instagram.com\/the_good_touch\/"]}]}},"_links":{"self":[{"href":"https:\/\/thegoodtouch.de\/en\/wp-json\/wp\/v2\/pages\/546","targetHints":{"allow":["GET"]}}],"collection":[{"href":"https:\/\/thegoodtouch.de\/en\/wp-json\/wp\/v2\/pages"}],"about":[{"href":"https:\/\/thegoodtouch.de\/en\/wp-json\/wp\/v2\/types\/page"}],"author":[{"embeddable":true,"href":"https:\/\/thegoodtouch.de\/en\/wp-json\/wp\/v2\/users\/1"}],"replies":[{"embeddable":true,"href":"https:\/\/thegoodtouch.de\/en\/wp-json\/wp\/v2\/comments?post=546"}],"version-history":[{"count":7,"href":"https:\/\/thegoodtouch.de\/en\/wp-json\/wp\/v2\/pages\/546\/revisions"}],"predecessor-version":[{"id":566,"href":"https:\/\/thegoodtouch.de\/en\/wp-json\/wp\/v2\/pages\/546\/revisions\/566"}],"wp:attachment":[{"href":"https:\/\/thegoodtouch.de\/en\/wp-json\/wp\/v2\/media?parent=546"}],"curies":[{"name":"wp","href":"https:\/\/api.w.org\/{rel}","templated":true}]}}